{"id":1895,"date":"2024-11-22T22:46:31","date_gmt":"2024-11-22T21:46:31","guid":{"rendered":"https:\/\/expatsrivieramaya.com\/?page_id=1895"},"modified":"2024-11-24T01:22:29","modified_gmt":"2024-11-24T00:22:29","slug":"propiedades","status":"publish","type":"page","link":"https:\/\/expatsrivieramaya.com\/index.php\/propiedades\/","title":{"rendered":"Propiedades"},"content":{"rendered":"\t\t<div data-elementor-type=\"wp-page\" data-elementor-id=\"1895\" class=\"elementor elementor-1895\">\n\t\t\t\t\t\t<section class=\"elementor-section elementor-top-section elementor-element elementor-element-2c8a1b4f elementor-section-height-min-height cs-section-content-fullwidth cs-parallax-on-scroll cs_scroll_y_80 elementor-section-boxed elementor-section-height-default elementor-section-items-middle\" data-id=\"2c8a1b4f\" data-element_type=\"section\" data-settings=\"{&quot;background_background&quot;:&quot;classic&quot;}\" data-cs-parallax-y=\"80\" style=\"background-image: none;\" data-cs-background-image=\"https:\/\/expatsrivieramaya.com\/wp-content\/uploads\/2024\/11\/pexels-asadphoto-11434425-1-scaled.jpg\">\n\t\t\t\t\t\t\t<div class=\"elementor-background-overlay\"><\/div>\n\t\t\t\t\t\t\t<div class=\"elementor-container elementor-column-gap-no\">\n\t\t\t\t\t<div class=\"elementor-column elementor-col-100 elementor-top-column elementor-element elementor-element-47215de1 dark-color\" data-id=\"47215de1\" data-element_type=\"column\">\n\t\t\t<div class=\"elementor-widget-wrap elementor-element-populated\">\n\t\t\t\t\t\t<div class=\"elementor-element elementor-element-5e21fef5 elementor-widget elementor-widget-cs_title\" data-id=\"5e21fef5\" data-element_type=\"widget\" data-widget_type=\"cs_title.default\">\n\t\t\t\t<div class=\"elementor-widget-container\">\n\t\t\t\t\t\n        <div class=\"cs-title-wrap text-center\">\t            <h1 class=\"cs-title\">\n\t                Propiedades e <br>inversiones\t            <\/h1>        <\/div>\t\t\t\t<\/div>\n\t\t\t\t<\/div>\n\t\t\t\t\t<\/div>\n\t\t<\/div>\n\t\t\t\t\t<\/div>\n\t\t<\/section>\n\t\t\t\t<section class=\"elementor-section elementor-top-section elementor-element elementor-element-cefcafa elementor-section-content-middle elementor-reverse-tablet elementor-reverse-mobile elementor-section-boxed elementor-section-height-default elementor-section-height-default\" data-id=\"cefcafa\" data-element_type=\"section\">\n\t\t\t\t\t\t<div class=\"elementor-container elementor-column-gap-no\">\n\t\t\t\t\t<div class=\"elementor-column elementor-col-50 elementor-top-column elementor-element elementor-element-437c3cb\" data-id=\"437c3cb\" data-element_type=\"column\">\n\t\t\t<div class=\"elementor-widget-wrap elementor-element-populated\">\n\t\t\t\t\t\t<div class=\"elementor-element elementor-element-34cf7f9 elementor-widget elementor-widget-cs_title\" data-id=\"34cf7f9\" data-element_type=\"widget\" data-widget_type=\"cs_title.default\">\n\t\t\t\t<div class=\"elementor-widget-container\">\n\t\t\t\t\t\n        <div class=\"cs-title-wrap\">\t            <h4 class=\"cs-title\">\n\t                Asesor\u00eda personalizada\t            <\/h4>\t            <div class=\"cs-title-text\">\n\t                <p>Hacemos que la compra de propiedades e inversiones en M\u00e9xico sea simple, con servicios que incluyen:<\/p>\t            <\/div>        <\/div>\t\t\t\t<\/div>\n\t\t\t\t<\/div>\n\t\t\t\t<div class=\"elementor-element elementor-element-7df28ae elementor-widget elementor-widget-cs_title\" data-id=\"7df28ae\" data-element_type=\"widget\" data-widget_type=\"cs_title.default\">\n\t\t\t\t<div class=\"elementor-widget-container\">\n\t\t\t\t\t\n        <div class=\"cs-title-wrap\">\t            <h6 class=\"cs-title\">\n\t                Casos atendidos diariamente:\t            <\/h6>\t            <div class=\"cs-title-text\">\n\t                <p>&#8211; Asesor\u00eda para Compra de Propiedades: Apoyo completo para comprar propiedad de manera segura<\/p><p>&#8211; Creaci\u00f3n de Fideicomisos y T\u00edtulos de Propiedad: Asistencia en la creaci\u00f3n de fideicomisos y obtenci\u00f3n de t\u00edtulos sociales<\/p><p>&#8211; Diligencia Debida para Inversiones: An\u00e1lisis detallado para garantizar inversiones seguras y rentables<\/p><p>&#8211; Asistencia para Alquileres Temporales: Ayuda para encontrar opciones de vivienda a corto plazo que se adapten a tus necesidades<\/p>\t            <\/div>        <\/div>\t\t\t\t<\/div>\n\t\t\t\t<\/div>\n\t\t\t\t<div class=\"elementor-element elementor-element-d6bb40a elementor-widget elementor-widget-cs_button\" data-id=\"d6bb40a\" data-element_type=\"widget\" data-widget_type=\"cs_button.default\">\n\t\t\t\t<div class=\"elementor-widget-container\">\n\t\t\t\t\t        <a href=\"https:\/\/wa.link\/nvwwp1\" class=\"elementor-button-link button cs-btn-outline\" role=\"button\">\n            <span class=\"cs-btn-text\">Agendar una reuni\u00f3n<\/span>        <\/a>\t\t\t\t<\/div>\n\t\t\t\t<\/div>\n\t\t\t\t\t<\/div>\n\t\t<\/div>\n\t\t\t\t<div class=\"elementor-column elementor-col-50 elementor-top-column elementor-element elementor-element-7099189 cs-animation-small-offset elementor-invisible\" data-id=\"7099189\" data-element_type=\"column\" data-settings=\"{&quot;background_background&quot;:&quot;classic&quot;,&quot;animation&quot;:&quot;fadeInUp&quot;,&quot;animation_delay&quot;:150}\">\n\t\t\t<div class=\"elementor-widget-wrap elementor-element-populated\">\n\t\t\t\t\t\t<div class=\"elementor-element elementor-element-d3f6dd2 elementor-widget elementor-widget-spacer\" data-id=\"d3f6dd2\" data-element_type=\"widget\" data-widget_type=\"spacer.default\">\n\t\t\t\t<div class=\"elementor-widget-container\">\n\t\t\t\t\t\t\t<div class=\"elementor-spacer\">\n\t\t\t<div class=\"elementor-spacer-inner\"><\/div>\n\t\t<\/div>\n\t\t\t\t\t\t<\/div>\n\t\t\t\t<\/div>\n\t\t\t\t\t<\/div>\n\t\t<\/div>\n\t\t\t\t\t<\/div>\n\t\t<\/section>\n\t\t\t\t<\/div>\n\t\t","protected":false},"excerpt":{"rendered":"<p>Propiedades e inversiones Asesor\u00eda personalizada Hacemos que la compra de propiedades e inversiones en M\u00e9xico sea simple, con servicios que incluyen: Casos atendidos diariamente: &#8211; Asesor\u00eda para Compra de Propiedades: Apoyo completo para comprar propiedad de manera segura &#8211; Creaci\u00f3n de Fideicomisos y T\u00edtulos de Propiedad: Asistencia en la creaci\u00f3n de fideicomisos y obtenci\u00f3n de &#8230;<\/p>\n","protected":false},"author":1,"featured_media":0,"parent":0,"menu_order":0,"comment_status":"closed","ping_status":"closed","template":"template-wide-content.php","meta":{"cozystay_single_page_hide_site_header":"","cozystay_single_page_site_header_source":"","cozystay_single_page_custom_site_header":"0","cozystay_single_page_custom_sticky_site_header":"0","cozystay_single_page_hide_page_title":"on","cozystay_single_page_header_section_size":"","cozystay_single_page_header_background_color":"","cozystay_single_page_header_background_position_x":"center","cozystay_single_page_header_background_position_y":"center","cozystay_single_page_header_background_size":"cover","cozystay_single_page_header_background_repeat":"off","cozystay_single_page_header_background_scroll":"on","cozystay_single_page_header_text_color":"","cozystay_single_page_header_show_breadcrumb":"","cozystay_single_page_site_footer_hide_main":"","cozystay_single_custom_site_footer_main_source":"","cozystay_single_custom_site_footer_main":"0","cozystay_single_page_site_footer_hide_above":"","cozystay_single_custom_site_footer_above_source":"","cozystay_single_custom_site_footer_above":"0","cozystay_single_page_site_footer_hide_instagram":"","cozystay_single_page_site_footer_hide_bottom":"","cozystay_single_custom_mobile_menu_source":"","cozystay_single_custom_mobile_menu":"0","cozystay_single_custom_mobile_menu_animation":"","cozystay_single_custom_mobile_menu_width":"","cozystay_single_custom_mobile_menu_custom_width":375,"footnotes":""},"class_list":["post-1895","page","type-page","status-publish","hentry"],"yoast_head":"<!-- This site is optimized with the Yoast SEO plugin v24.3 - https:\/\/yoast.com\/wordpress\/plugins\/seo\/ -->\n<title>Propiedades - Vive en la Riviera Maya<\/title>\n<meta name=\"robots\" content=\"index, follow, max-snippet:-1, max-image-preview:large, max-video-preview:-1\" \/>\n<link rel=\"canonical\" href=\"https:\/\/expatsrivieramaya.com\/index.php\/propiedades\/\" \/>\n<meta property=\"og:locale\" content=\"es_ES\" \/>\n<meta property=\"og:type\" content=\"article\" \/>\n<meta property=\"og:title\" content=\"Propiedades - Vive en la Riviera Maya\" \/>\n<meta property=\"og:description\" content=\"Propiedades e inversiones Asesor\u00eda personalizada Hacemos que la compra de propiedades e inversiones en M\u00e9xico sea simple, con servicios que incluyen: Casos atendidos diariamente: &#8211; Asesor\u00eda para Compra de Propiedades: Apoyo completo para comprar propiedad de manera segura &#8211; Creaci\u00f3n de Fideicomisos y T\u00edtulos de Propiedad: Asistencia en la creaci\u00f3n de fideicomisos y obtenci\u00f3n de ...\" \/>\n<meta property=\"og:url\" content=\"https:\/\/expatsrivieramaya.com\/index.php\/propiedades\/\" \/>\n<meta property=\"og:site_name\" content=\"Vive en la Riviera Maya\" \/>\n<meta property=\"article:modified_time\" content=\"2024-11-24T00:22:29+00:00\" \/>\n<meta name=\"twitter:card\" content=\"summary_large_image\" \/>\n<meta name=\"twitter:label1\" content=\"Tiempo de lectura\" \/>\n\t<meta name=\"twitter:data1\" content=\"1 minuto\" \/>\n<script type=\"application\/ld+json\" class=\"yoast-schema-graph\">{\"@context\":\"https:\/\/schema.org\",\"@graph\":[{\"@type\":\"WebPage\",\"@id\":\"https:\/\/expatsrivieramaya.com\/index.php\/propiedades\/\",\"url\":\"https:\/\/expatsrivieramaya.com\/index.php\/propiedades\/\",\"name\":\"Propiedades - Vive en la Riviera Maya\",\"isPartOf\":{\"@id\":\"https:\/\/expatsrivieramaya.com\/#website\"},\"datePublished\":\"2024-11-22T21:46:31+00:00\",\"dateModified\":\"2024-11-24T00:22:29+00:00\",\"breadcrumb\":{\"@id\":\"https:\/\/expatsrivieramaya.com\/index.php\/propiedades\/#breadcrumb\"},\"inLanguage\":\"es\",\"potentialAction\":[{\"@type\":\"ReadAction\",\"target\":[\"https:\/\/expatsrivieramaya.com\/index.php\/propiedades\/\"]}]},{\"@type\":\"BreadcrumbList\",\"@id\":\"https:\/\/expatsrivieramaya.com\/index.php\/propiedades\/#breadcrumb\",\"itemListElement\":[{\"@type\":\"ListItem\",\"position\":1,\"name\":\"Portada\",\"item\":\"https:\/\/expatsrivieramaya.com\/\"},{\"@type\":\"ListItem\",\"position\":2,\"name\":\"Propiedades\"}]},{\"@type\":\"WebSite\",\"@id\":\"https:\/\/expatsrivieramaya.com\/#website\",\"url\":\"https:\/\/expatsrivieramaya.com\/\",\"name\":\"Vive en la Riviera Maya\",\"description\":\"\",\"publisher\":{\"@id\":\"https:\/\/expatsrivieramaya.com\/#organization\"},\"potentialAction\":[{\"@type\":\"SearchAction\",\"target\":{\"@type\":\"EntryPoint\",\"urlTemplate\":\"https:\/\/expatsrivieramaya.com\/?s={search_term_string}\"},\"query-input\":{\"@type\":\"PropertyValueSpecification\",\"valueRequired\":true,\"valueName\":\"search_term_string\"}}],\"inLanguage\":\"es\"},{\"@type\":\"Organization\",\"@id\":\"https:\/\/expatsrivieramaya.com\/#organization\",\"name\":\"Vive en la Riviera Maya\",\"url\":\"https:\/\/expatsrivieramaya.com\/\",\"logo\":{\"@type\":\"ImageObject\",\"inLanguage\":\"es\",\"@id\":\"https:\/\/expatsrivieramaya.com\/#\/schema\/logo\/image\/\",\"url\":\"https:\/\/expatsrivieramaya.com\/wp-content\/uploads\/2023\/03\/cropped-logo-expats.png\",\"contentUrl\":\"https:\/\/expatsrivieramaya.com\/wp-content\/uploads\/2023\/03\/cropped-logo-expats.png\",\"width\":1260,\"height\":420,\"caption\":\"Vive en la Riviera Maya\"},\"image\":{\"@id\":\"https:\/\/expatsrivieramaya.com\/#\/schema\/logo\/image\/\"}}]}<\/script>\n<!-- \/ Yoast SEO plugin. -->","yoast_head_json":{"title":"Propiedades - Vive en la Riviera Maya","robots":{"index":"index","follow":"follow","max-snippet":"max-snippet:-1","max-image-preview":"max-image-preview:large","max-video-preview":"max-video-preview:-1"},"canonical":"https:\/\/expatsrivieramaya.com\/index.php\/propiedades\/","og_locale":"es_ES","og_type":"article","og_title":"Propiedades - Vive en la Riviera Maya","og_description":"Propiedades e inversiones Asesor\u00eda personalizada Hacemos que la compra de propiedades e inversiones en M\u00e9xico sea simple, con servicios que incluyen: Casos atendidos diariamente: &#8211; Asesor\u00eda para Compra de Propiedades: Apoyo completo para comprar propiedad de manera segura &#8211; Creaci\u00f3n de Fideicomisos y T\u00edtulos de Propiedad: Asistencia en la creaci\u00f3n de fideicomisos y obtenci\u00f3n de ...","og_url":"https:\/\/expatsrivieramaya.com\/index.php\/propiedades\/","og_site_name":"Vive en la Riviera Maya","article_modified_time":"2024-11-24T00:22:29+00:00","twitter_card":"summary_large_image","twitter_misc":{"Tiempo de lectura":"1 minuto"},"schema":{"@context":"https:\/\/schema.org","@graph":[{"@type":"WebPage","@id":"https:\/\/expatsrivieramaya.com\/index.php\/propiedades\/","url":"https:\/\/expatsrivieramaya.com\/index.php\/propiedades\/","name":"Propiedades - Vive en la Riviera Maya","isPartOf":{"@id":"https:\/\/expatsrivieramaya.com\/#website"},"datePublished":"2024-11-22T21:46:31+00:00","dateModified":"2024-11-24T00:22:29+00:00","breadcrumb":{"@id":"https:\/\/expatsrivieramaya.com\/index.php\/propiedades\/#breadcrumb"},"inLanguage":"es","potentialAction":[{"@type":"ReadAction","target":["https:\/\/expatsrivieramaya.com\/index.php\/propiedades\/"]}]},{"@type":"BreadcrumbList","@id":"https:\/\/expatsrivieramaya.com\/index.php\/propiedades\/#breadcrumb","itemListElement":[{"@type":"ListItem","position":1,"name":"Portada","item":"https:\/\/expatsrivieramaya.com\/"},{"@type":"ListItem","position":2,"name":"Propiedades"}]},{"@type":"WebSite","@id":"https:\/\/expatsrivieramaya.com\/#website","url":"https:\/\/expatsrivieramaya.com\/","name":"Vive en la Riviera Maya","description":"","publisher":{"@id":"https:\/\/expatsrivieramaya.com\/#organization"},"potentialAction":[{"@type":"SearchAction","target":{"@type":"EntryPoint","urlTemplate":"https:\/\/expatsrivieramaya.com\/?s={search_term_string}"},"query-input":{"@type":"PropertyValueSpecification","valueRequired":true,"valueName":"search_term_string"}}],"inLanguage":"es"},{"@type":"Organization","@id":"https:\/\/expatsrivieramaya.com\/#organization","name":"Vive en la Riviera Maya","url":"https:\/\/expatsrivieramaya.com\/","logo":{"@type":"ImageObject","inLanguage":"es","@id":"https:\/\/expatsrivieramaya.com\/#\/schema\/logo\/image\/","url":"https:\/\/expatsrivieramaya.com\/wp-content\/uploads\/2023\/03\/cropped-logo-expats.png","contentUrl":"https:\/\/expatsrivieramaya.com\/wp-content\/uploads\/2023\/03\/cropped-logo-expats.png","width":1260,"height":420,"caption":"Vive en la Riviera Maya"},"image":{"@id":"https:\/\/expatsrivieramaya.com\/#\/schema\/logo\/image\/"}}]}},"_links":{"self":[{"href":"https:\/\/expatsrivieramaya.com\/index.php\/wp-json\/wp\/v2\/pages\/1895","targetHints":{"allow":["GET"]}}],"collection":[{"href":"https:\/\/expatsrivieramaya.com\/index.php\/wp-json\/wp\/v2\/pages"}],"about":[{"href":"https:\/\/expatsrivieramaya.com\/index.php\/wp-json\/wp\/v2\/types\/page"}],"author":[{"embeddable":true,"href":"https:\/\/expatsrivieramaya.com\/index.php\/wp-json\/wp\/v2\/users\/1"}],"replies":[{"embeddable":true,"href":"https:\/\/expatsrivieramaya.com\/index.php\/wp-json\/wp\/v2\/comments?post=1895"}],"version-history":[{"count":7,"href":"https:\/\/expatsrivieramaya.com\/index.php\/wp-json\/wp\/v2\/pages\/1895\/revisions"}],"predecessor-version":[{"id":2048,"href":"https:\/\/expatsrivieramaya.com\/index.php\/wp-json\/wp\/v2\/pages\/1895\/revisions\/2048"}],"wp:attachment":[{"href":"https:\/\/expatsrivieramaya.com\/index.php\/wp-json\/wp\/v2\/media?parent=1895"}],"curies":[{"name":"wp","href":"https:\/\/api.w.org\/{rel}","templated":true}]}}